{"id":122,"date":"2024-01-09T16:50:44","date_gmt":"2024-01-09T15:50:44","guid":{"rendered":"https:\/\/www.n18.de\/?page_id=122"},"modified":"2024-01-29T20:05:23","modified_gmt":"2024-01-29T19:05:23","slug":"vereinsheim-shack","status":"publish","type":"page","link":"https:\/\/www.n18.de\/index.php\/vereinsheim-shack\/","title":{"rendered":"Vereinsheim \/ Shack"},"content":{"rendered":"\n<h2 class=\"wp-block-heading\">Shack<\/h2>\n\n\n\n<p>Unser Shack besteht aus einer UKW-, KW- und SAT-Station, welche unabh\u00e4ngig und zeitgleich betrieben werden k\u00f6nnen. <\/p>\n\n\n\n<h2 class=\"wp-block-heading has-medium-font-size\">UKW-Station<\/h2>\n\n\n\n<p>Die UKW-Station besteht aus einem ICOM IC-9700 und einem Yaesu FRG-9600.<\/p>\n\n\n\n<p>Als Antennen stehen f\u00fcr das 2m-Band eine Kreuzyagi, eine Bigwheel und eine Vertical zur Verf\u00fcgung. F\u00fcr das 70cm-Band sind es ebenfalls eine Krauzyagi und eine Vertical. Das 23cm-Band beschr\u00e4nkt sich auf eine LogPer. Alle Antennen sind auf unserem Antennenmast montiert. Am FRG-9600 ist eine Discone-Antenne angeschlossen.<\/p>\n\n\n\n<figure class=\"wp-block-gallery has-nested-images columns-default is-cropped wp-block-gallery-1 is-layout-flex wp-block-gallery-is-layout-flex\">\n<figure data-wp-context=\"{&quot;imageId&quot;:&quot;69e1024180409&quot;}\" data-wp-interactive=\"core\/image\" data-wp-key=\"69e1024180409\" class=\"wp-block-image size-full wp-lightbox-container\"><img loading=\"lazy\" decoding=\"async\" width=\"1024\" height=\"615\" data-wp-class--hide=\"state.isContentHidden\" data-wp-class--show=\"state.isContentVisible\" data-wp-init=\"callbacks.setButtonStyles\" data-wp-on--click=\"actions.showLightbox\" data-wp-on--load=\"callbacks.setButtonStyles\" data-wp-on-window--resize=\"callbacks.setButtonStyles\" data-id=\"405\" src=\"https:\/\/www.n18.de\/wp-content\/uploads\/2024\/01\/DL0CRE_Shack-1-von-1-11.jpg\" alt=\"\" class=\"wp-image-405\" srcset=\"https:\/\/www.n18.de\/wp-content\/uploads\/2024\/01\/DL0CRE_Shack-1-von-1-11.jpg 1024w, https:\/\/www.n18.de\/wp-content\/uploads\/2024\/01\/DL0CRE_Shack-1-von-1-11-300x180.jpg 300w, https:\/\/www.n18.de\/wp-content\/uploads\/2024\/01\/DL0CRE_Shack-1-von-1-11-768x461.jpg 768w\" sizes=\"auto, (max-width: 1024px) 100vw, 1024px\" \/><button\n\t\t\tclass=\"lightbox-trigger\"\n\t\t\ttype=\"button\"\n\t\t\taria-haspopup=\"dialog\"\n\t\t\taria-label=\"Vergr\u00f6\u00dfern\"\n\t\t\tdata-wp-init=\"callbacks.initTriggerButton\"\n\t\t\tdata-wp-on--click=\"actions.showLightbox\"\n\t\t\tdata-wp-style--right=\"state.imageButtonRight\"\n\t\t\tdata-wp-style--top=\"state.imageButtonTop\"\n\t\t>\n\t\t\t<svg xmlns=\"http:\/\/www.w3.org\/2000\/svg\" width=\"12\" height=\"12\" fill=\"none\" viewBox=\"0 0 12 12\">\n\t\t\t\t<path fill=\"#fff\" d=\"M2 0a2 2 0 0 0-2 2v2h1.5V2a.5.5 0 0 1 .5-.5h2V0H2Zm2 10.5H2a.5.5 0 0 1-.5-.5V8H0v2a2 2 0 0 0 2 2h2v-1.5ZM8 12v-1.5h2a.5.5 0 0 0 .5-.5V8H12v2a2 2 0 0 1-2 2H8Zm2-12a2 2 0 0 1 2 2v2h-1.5V2a.5.5 0 0 0-.5-.5H8V0h2Z\" \/>\n\t\t\t<\/svg>\n\t\t<\/button><\/figure>\n\n\n\n<figure data-wp-context=\"{&quot;imageId&quot;:&quot;69e1024180d50&quot;}\" data-wp-interactive=\"core\/image\" data-wp-key=\"69e1024180d50\" class=\"wp-block-image size-full wp-lightbox-container\"><img loading=\"lazy\" decoding=\"async\" width=\"915\" height=\"768\" data-wp-class--hide=\"state.isContentHidden\" data-wp-class--show=\"state.isContentVisible\" data-wp-init=\"callbacks.setButtonStyles\" data-wp-on--click=\"actions.showLightbox\" data-wp-on--load=\"callbacks.setButtonStyles\" data-wp-on-window--resize=\"callbacks.setButtonStyles\" data-id=\"406\" src=\"https:\/\/www.n18.de\/wp-content\/uploads\/2024\/01\/DL0CRE_Shack-1-von-1-8.jpg\" alt=\"\" class=\"wp-image-406\" srcset=\"https:\/\/www.n18.de\/wp-content\/uploads\/2024\/01\/DL0CRE_Shack-1-von-1-8.jpg 915w, https:\/\/www.n18.de\/wp-content\/uploads\/2024\/01\/DL0CRE_Shack-1-von-1-8-300x252.jpg 300w, https:\/\/www.n18.de\/wp-content\/uploads\/2024\/01\/DL0CRE_Shack-1-von-1-8-768x645.jpg 768w\" sizes=\"auto, (max-width: 915px) 100vw, 915px\" \/><button\n\t\t\tclass=\"lightbox-trigger\"\n\t\t\ttype=\"button\"\n\t\t\taria-haspopup=\"dialog\"\n\t\t\taria-label=\"Vergr\u00f6\u00dfern\"\n\t\t\tdata-wp-init=\"callbacks.initTriggerButton\"\n\t\t\tdata-wp-on--click=\"actions.showLightbox\"\n\t\t\tdata-wp-style--right=\"state.imageButtonRight\"\n\t\t\tdata-wp-style--top=\"state.imageButtonTop\"\n\t\t>\n\t\t\t<svg xmlns=\"http:\/\/www.w3.org\/2000\/svg\" width=\"12\" height=\"12\" fill=\"none\" viewBox=\"0 0 12 12\">\n\t\t\t\t<path fill=\"#fff\" d=\"M2 0a2 2 0 0 0-2 2v2h1.5V2a.5.5 0 0 1 .5-.5h2V0H2Zm2 10.5H2a.5.5 0 0 1-.5-.5V8H0v2a2 2 0 0 0 2 2h2v-1.5ZM8 12v-1.5h2a.5.5 0 0 0 .5-.5V8H12v2a2 2 0 0 1-2 2H8Zm2-12a2 2 0 0 1 2 2v2h-1.5V2a.5.5 0 0 0-.5-.5H8V0h2Z\" \/>\n\t\t\t<\/svg>\n\t\t<\/button><\/figure>\n<\/figure>\n\n\n\n<hr class=\"wp-block-separator has-alpha-channel-opacity\"\/>\n\n\n\n<h2 class=\"wp-block-heading has-medium-font-size\">KW-Station<\/h2>\n\n\n\n<p>Die Kurzwellenstation wird aus einem ICOM IC-7610 mit externem Lautsprecher und Monitor gebildet. Als Antennen stehen hier ein endgespei\u00dfter Draht f\u00fcr 10m bis 80m, sowie eine LogPer f\u00fcr 10m bis 20m und eine Cushcraft Verticalantenne zur Verf\u00fcgung. Unterst\u00fctzt wird die Station von einer R\u00f6hren-PA mit 2x 3-500Z.<\/p>\n\n\n\n<p>F\u00fcr Conteste steht eine Antennenumschaltung f\u00fcr zwei Transceiver und sechs Antennen zur Verf\u00fcgung. <\/p>\n\n\n\n<figure class=\"wp-block-gallery has-nested-images columns-default is-cropped wp-block-gallery-2 is-layout-flex wp-block-gallery-is-layout-flex\">\n<figure data-wp-context=\"{&quot;imageId&quot;:&quot;69e10241819d5&quot;}\" data-wp-interactive=\"core\/image\" data-wp-key=\"69e10241819d5\" class=\"wp-block-image size-full wp-lightbox-container\"><img loading=\"lazy\" decoding=\"async\" width=\"1024\" height=\"540\" data-wp-class--hide=\"state.isContentHidden\" data-wp-class--show=\"state.isContentVisible\" data-wp-init=\"callbacks.setButtonStyles\" data-wp-on--click=\"actions.showLightbox\" data-wp-on--load=\"callbacks.setButtonStyles\" data-wp-on-window--resize=\"callbacks.setButtonStyles\" data-id=\"411\" src=\"https:\/\/www.n18.de\/wp-content\/uploads\/2024\/01\/DL0CRE_Shack-1-von-1-13.jpg\" alt=\"\" class=\"wp-image-411\" srcset=\"https:\/\/www.n18.de\/wp-content\/uploads\/2024\/01\/DL0CRE_Shack-1-von-1-13.jpg 1024w, https:\/\/www.n18.de\/wp-content\/uploads\/2024\/01\/DL0CRE_Shack-1-von-1-13-300x158.jpg 300w, https:\/\/www.n18.de\/wp-content\/uploads\/2024\/01\/DL0CRE_Shack-1-von-1-13-768x405.jpg 768w\" sizes=\"auto, (max-width: 1024px) 100vw, 1024px\" \/><button\n\t\t\tclass=\"lightbox-trigger\"\n\t\t\ttype=\"button\"\n\t\t\taria-haspopup=\"dialog\"\n\t\t\taria-label=\"Vergr\u00f6\u00dfern\"\n\t\t\tdata-wp-init=\"callbacks.initTriggerButton\"\n\t\t\tdata-wp-on--click=\"actions.showLightbox\"\n\t\t\tdata-wp-style--right=\"state.imageButtonRight\"\n\t\t\tdata-wp-style--top=\"state.imageButtonTop\"\n\t\t>\n\t\t\t<svg xmlns=\"http:\/\/www.w3.org\/2000\/svg\" width=\"12\" height=\"12\" fill=\"none\" viewBox=\"0 0 12 12\">\n\t\t\t\t<path fill=\"#fff\" d=\"M2 0a2 2 0 0 0-2 2v2h1.5V2a.5.5 0 0 1 .5-.5h2V0H2Zm2 10.5H2a.5.5 0 0 1-.5-.5V8H0v2a2 2 0 0 0 2 2h2v-1.5ZM8 12v-1.5h2a.5.5 0 0 0 .5-.5V8H12v2a2 2 0 0 1-2 2H8Zm2-12a2 2 0 0 1 2 2v2h-1.5V2a.5.5 0 0 0-.5-.5H8V0h2Z\" \/>\n\t\t\t<\/svg>\n\t\t<\/button><\/figure>\n\n\n\n<figure data-wp-context=\"{&quot;imageId&quot;:&quot;69e1024181d60&quot;}\" data-wp-interactive=\"core\/image\" data-wp-key=\"69e1024181d60\" class=\"wp-block-image size-large wp-lightbox-container\"><img loading=\"lazy\" decoding=\"async\" width=\"985\" height=\"768\" data-wp-class--hide=\"state.isContentHidden\" data-wp-class--show=\"state.isContentVisible\" data-wp-init=\"callbacks.setButtonStyles\" data-wp-on--click=\"actions.showLightbox\" data-wp-on--load=\"callbacks.setButtonStyles\" data-wp-on-window--resize=\"callbacks.setButtonStyles\" data-id=\"412\" src=\"https:\/\/www.n18.de\/wp-content\/uploads\/2024\/01\/DL0CRE_Shack-1-von-1-17.jpg\" alt=\"\" class=\"wp-image-412\" srcset=\"https:\/\/www.n18.de\/wp-content\/uploads\/2024\/01\/DL0CRE_Shack-1-von-1-17.jpg 985w, https:\/\/www.n18.de\/wp-content\/uploads\/2024\/01\/DL0CRE_Shack-1-von-1-17-300x234.jpg 300w, https:\/\/www.n18.de\/wp-content\/uploads\/2024\/01\/DL0CRE_Shack-1-von-1-17-768x599.jpg 768w\" sizes=\"auto, (max-width: 985px) 100vw, 985px\" \/><button\n\t\t\tclass=\"lightbox-trigger\"\n\t\t\ttype=\"button\"\n\t\t\taria-haspopup=\"dialog\"\n\t\t\taria-label=\"Vergr\u00f6\u00dfern\"\n\t\t\tdata-wp-init=\"callbacks.initTriggerButton\"\n\t\t\tdata-wp-on--click=\"actions.showLightbox\"\n\t\t\tdata-wp-style--right=\"state.imageButtonRight\"\n\t\t\tdata-wp-style--top=\"state.imageButtonTop\"\n\t\t>\n\t\t\t<svg xmlns=\"http:\/\/www.w3.org\/2000\/svg\" width=\"12\" height=\"12\" fill=\"none\" viewBox=\"0 0 12 12\">\n\t\t\t\t<path fill=\"#fff\" d=\"M2 0a2 2 0 0 0-2 2v2h1.5V2a.5.5 0 0 1 .5-.5h2V0H2Zm2 10.5H2a.5.5 0 0 1-.5-.5V8H0v2a2 2 0 0 0 2 2h2v-1.5ZM8 12v-1.5h2a.5.5 0 0 0 .5-.5V8H12v2a2 2 0 0 1-2 2H8Zm2-12a2 2 0 0 1 2 2v2h-1.5V2a.5.5 0 0 0-.5-.5H8V0h2Z\" \/>\n\t\t\t<\/svg>\n\t\t<\/button><\/figure>\n<\/figure>\n\n\n\n<hr class=\"wp-block-separator has-alpha-channel-opacity\"\/>\n\n\n\n<h2 class=\"wp-block-heading has-medium-font-size\">SAT-Station<\/h2>\n\n\n\n<p>Bei der Station dient ein ICOM IC-910H als Transceiver. Der Up- und Downconverter befindet sich in der <a href=\"https:\/\/www.n18.de\/index.php\/2021\/11\/10\/qo-100-satelliten-station\/\" data-type=\"post\" data-id=\"62\">Outdoor<\/a>&#8211; und <a href=\"https:\/\/www.n18.de\/index.php\/2021\/12\/04\/qo-100-indoor-unit\/\" data-type=\"post\" data-id=\"51\">Indoorunit<\/a>. <\/p>\n\n\n\n<figure class=\"wp-block-gallery has-nested-images columns-default is-cropped wp-block-gallery-3 is-layout-flex wp-block-gallery-is-layout-flex\">\n<figure data-wp-context=\"{&quot;imageId&quot;:&quot;69e102418219a&quot;}\" data-wp-interactive=\"core\/image\" data-wp-key=\"69e102418219a\" class=\"wp-block-image size-full wp-lightbox-container\"><img loading=\"lazy\" decoding=\"async\" width=\"1024\" height=\"552\" data-wp-class--hide=\"state.isContentHidden\" data-wp-class--show=\"state.isContentVisible\" data-wp-init=\"callbacks.setButtonStyles\" data-wp-on--click=\"actions.showLightbox\" data-wp-on--load=\"callbacks.setButtonStyles\" data-wp-on-window--resize=\"callbacks.setButtonStyles\" data-id=\"415\" src=\"https:\/\/www.n18.de\/wp-content\/uploads\/2024\/01\/DL0CRE_Shack-1-von-1-7.jpg\" alt=\"\" class=\"wp-image-415\" srcset=\"https:\/\/www.n18.de\/wp-content\/uploads\/2024\/01\/DL0CRE_Shack-1-von-1-7.jpg 1024w, https:\/\/www.n18.de\/wp-content\/uploads\/2024\/01\/DL0CRE_Shack-1-von-1-7-300x162.jpg 300w, https:\/\/www.n18.de\/wp-content\/uploads\/2024\/01\/DL0CRE_Shack-1-von-1-7-768x414.jpg 768w\" sizes=\"auto, (max-width: 1024px) 100vw, 1024px\" \/><button\n\t\t\tclass=\"lightbox-trigger\"\n\t\t\ttype=\"button\"\n\t\t\taria-haspopup=\"dialog\"\n\t\t\taria-label=\"Vergr\u00f6\u00dfern\"\n\t\t\tdata-wp-init=\"callbacks.initTriggerButton\"\n\t\t\tdata-wp-on--click=\"actions.showLightbox\"\n\t\t\tdata-wp-style--right=\"state.imageButtonRight\"\n\t\t\tdata-wp-style--top=\"state.imageButtonTop\"\n\t\t>\n\t\t\t<svg xmlns=\"http:\/\/www.w3.org\/2000\/svg\" width=\"12\" height=\"12\" fill=\"none\" viewBox=\"0 0 12 12\">\n\t\t\t\t<path fill=\"#fff\" d=\"M2 0a2 2 0 0 0-2 2v2h1.5V2a.5.5 0 0 1 .5-.5h2V0H2Zm2 10.5H2a.5.5 0 0 1-.5-.5V8H0v2a2 2 0 0 0 2 2h2v-1.5ZM8 12v-1.5h2a.5.5 0 0 0 .5-.5V8H12v2a2 2 0 0 1-2 2H8Zm2-12a2 2 0 0 1 2 2v2h-1.5V2a.5.5 0 0 0-.5-.5H8V0h2Z\" \/>\n\t\t\t<\/svg>\n\t\t<\/button><\/figure>\n\n\n\n<figure data-wp-context=\"{&quot;imageId&quot;:&quot;69e1024182449&quot;}\" data-wp-interactive=\"core\/image\" data-wp-key=\"69e1024182449\" class=\"wp-block-image size-full wp-lightbox-container\"><img loading=\"lazy\" decoding=\"async\" width=\"1024\" height=\"695\" data-wp-class--hide=\"state.isContentHidden\" data-wp-class--show=\"state.isContentVisible\" data-wp-init=\"callbacks.setButtonStyles\" data-wp-on--click=\"actions.showLightbox\" data-wp-on--load=\"callbacks.setButtonStyles\" data-wp-on-window--resize=\"callbacks.setButtonStyles\" data-id=\"416\" src=\"https:\/\/www.n18.de\/wp-content\/uploads\/2024\/01\/DL0CRE_Shack-1-von-1-15.jpg\" alt=\"\" class=\"wp-image-416\" srcset=\"https:\/\/www.n18.de\/wp-content\/uploads\/2024\/01\/DL0CRE_Shack-1-von-1-15.jpg 1024w, https:\/\/www.n18.de\/wp-content\/uploads\/2024\/01\/DL0CRE_Shack-1-von-1-15-300x204.jpg 300w, https:\/\/www.n18.de\/wp-content\/uploads\/2024\/01\/DL0CRE_Shack-1-von-1-15-768x521.jpg 768w, https:\/\/www.n18.de\/wp-content\/uploads\/2024\/01\/DL0CRE_Shack-1-von-1-15-120x80.jpg 120w\" sizes=\"auto, (max-width: 1024px) 100vw, 1024px\" \/><button\n\t\t\tclass=\"lightbox-trigger\"\n\t\t\ttype=\"button\"\n\t\t\taria-haspopup=\"dialog\"\n\t\t\taria-label=\"Vergr\u00f6\u00dfern\"\n\t\t\tdata-wp-init=\"callbacks.initTriggerButton\"\n\t\t\tdata-wp-on--click=\"actions.showLightbox\"\n\t\t\tdata-wp-style--right=\"state.imageButtonRight\"\n\t\t\tdata-wp-style--top=\"state.imageButtonTop\"\n\t\t>\n\t\t\t<svg xmlns=\"http:\/\/www.w3.org\/2000\/svg\" width=\"12\" height=\"12\" fill=\"none\" viewBox=\"0 0 12 12\">\n\t\t\t\t<path fill=\"#fff\" d=\"M2 0a2 2 0 0 0-2 2v2h1.5V2a.5.5 0 0 1 .5-.5h2V0H2Zm2 10.5H2a.5.5 0 0 1-.5-.5V8H0v2a2 2 0 0 0 2 2h2v-1.5ZM8 12v-1.5h2a.5.5 0 0 0 .5-.5V8H12v2a2 2 0 0 1-2 2H8Zm2-12a2 2 0 0 1 2 2v2h-1.5V2a.5.5 0 0 0-.5-.5H8V0h2Z\" \/>\n\t\t\t<\/svg>\n\t\t<\/button><\/figure>\n<\/figure>\n\n\n\n<hr class=\"wp-block-separator has-alpha-channel-opacity\"\/>\n\n\n\n<p>Des Weiteren haben wir diverse Funkger\u00e4te f\u00fcr Relaisbetrieb, sowie eine HamClock im Shack aufgebaut. <\/p>\n\n\n\n<figure class=\"wp-block-gallery has-nested-images columns-default is-cropped wp-block-gallery-4 is-layout-flex wp-block-gallery-is-layout-flex\">\n<figure data-wp-context=\"{&quot;imageId&quot;:&quot;69e102418284d&quot;}\" data-wp-interactive=\"core\/image\" data-wp-key=\"69e102418284d\" class=\"wp-block-image size-full wp-lightbox-container\"><img loading=\"lazy\" decoding=\"async\" width=\"1024\" height=\"739\" data-wp-class--hide=\"state.isContentHidden\" data-wp-class--show=\"state.isContentVisible\" data-wp-init=\"callbacks.setButtonStyles\" data-wp-on--click=\"actions.showLightbox\" data-wp-on--load=\"callbacks.setButtonStyles\" data-wp-on-window--resize=\"callbacks.setButtonStyles\" data-id=\"417\" src=\"https:\/\/www.n18.de\/wp-content\/uploads\/2024\/01\/DL0CRE_Shack-1-von-1-19.jpg\" alt=\"\" class=\"wp-image-417\" srcset=\"https:\/\/www.n18.de\/wp-content\/uploads\/2024\/01\/DL0CRE_Shack-1-von-1-19.jpg 1024w, https:\/\/www.n18.de\/wp-content\/uploads\/2024\/01\/DL0CRE_Shack-1-von-1-19-300x217.jpg 300w, https:\/\/www.n18.de\/wp-content\/uploads\/2024\/01\/DL0CRE_Shack-1-von-1-19-768x554.jpg 768w\" sizes=\"auto, (max-width: 1024px) 100vw, 1024px\" \/><button\n\t\t\tclass=\"lightbox-trigger\"\n\t\t\ttype=\"button\"\n\t\t\taria-haspopup=\"dialog\"\n\t\t\taria-label=\"Vergr\u00f6\u00dfern\"\n\t\t\tdata-wp-init=\"callbacks.initTriggerButton\"\n\t\t\tdata-wp-on--click=\"actions.showLightbox\"\n\t\t\tdata-wp-style--right=\"state.imageButtonRight\"\n\t\t\tdata-wp-style--top=\"state.imageButtonTop\"\n\t\t>\n\t\t\t<svg xmlns=\"http:\/\/www.w3.org\/2000\/svg\" width=\"12\" height=\"12\" fill=\"none\" viewBox=\"0 0 12 12\">\n\t\t\t\t<path fill=\"#fff\" d=\"M2 0a2 2 0 0 0-2 2v2h1.5V2a.5.5 0 0 1 .5-.5h2V0H2Zm2 10.5H2a.5.5 0 0 1-.5-.5V8H0v2a2 2 0 0 0 2 2h2v-1.5ZM8 12v-1.5h2a.5.5 0 0 0 .5-.5V8H12v2a2 2 0 0 1-2 2H8Zm2-12a2 2 0 0 1 2 2v2h-1.5V2a.5.5 0 0 0-.5-.5H8V0h2Z\" \/>\n\t\t\t<\/svg>\n\t\t<\/button><\/figure>\n\n\n\n<figure data-wp-context=\"{&quot;imageId&quot;:&quot;69e1024182b16&quot;}\" data-wp-interactive=\"core\/image\" data-wp-key=\"69e1024182b16\" class=\"wp-block-image size-full wp-lightbox-container\"><img loading=\"lazy\" decoding=\"async\" width=\"480\" height=\"768\" data-wp-class--hide=\"state.isContentHidden\" data-wp-class--show=\"state.isContentVisible\" data-wp-init=\"callbacks.setButtonStyles\" data-wp-on--click=\"actions.showLightbox\" data-wp-on--load=\"callbacks.setButtonStyles\" data-wp-on-window--resize=\"callbacks.setButtonStyles\" data-id=\"418\" src=\"https:\/\/www.n18.de\/wp-content\/uploads\/2024\/01\/DL0CRE_Shack-1-von-1-21.jpg\" alt=\"\" class=\"wp-image-418\" srcset=\"https:\/\/www.n18.de\/wp-content\/uploads\/2024\/01\/DL0CRE_Shack-1-von-1-21.jpg 480w, https:\/\/www.n18.de\/wp-content\/uploads\/2024\/01\/DL0CRE_Shack-1-von-1-21-188x300.jpg 188w\" sizes=\"auto, (max-width: 480px) 100vw, 480px\" \/><button\n\t\t\tclass=\"lightbox-trigger\"\n\t\t\ttype=\"button\"\n\t\t\taria-haspopup=\"dialog\"\n\t\t\taria-label=\"Vergr\u00f6\u00dfern\"\n\t\t\tdata-wp-init=\"callbacks.initTriggerButton\"\n\t\t\tdata-wp-on--click=\"actions.showLightbox\"\n\t\t\tdata-wp-style--right=\"state.imageButtonRight\"\n\t\t\tdata-wp-style--top=\"state.imageButtonTop\"\n\t\t>\n\t\t\t<svg xmlns=\"http:\/\/www.w3.org\/2000\/svg\" width=\"12\" height=\"12\" fill=\"none\" viewBox=\"0 0 12 12\">\n\t\t\t\t<path fill=\"#fff\" d=\"M2 0a2 2 0 0 0-2 2v2h1.5V2a.5.5 0 0 1 .5-.5h2V0H2Zm2 10.5H2a.5.5 0 0 1-.5-.5V8H0v2a2 2 0 0 0 2 2h2v-1.5ZM8 12v-1.5h2a.5.5 0 0 0 .5-.5V8H12v2a2 2 0 0 1-2 2H8Zm2-12a2 2 0 0 1 2 2v2h-1.5V2a.5.5 0 0 0-.5-.5H8V0h2Z\" \/>\n\t\t\t<\/svg>\n\t\t<\/button><\/figure>\n\n\n\n<figure data-wp-context=\"{&quot;imageId&quot;:&quot;69e1024182dc0&quot;}\" data-wp-interactive=\"core\/image\" data-wp-key=\"69e1024182dc0\" class=\"wp-block-image size-full wp-lightbox-container\"><img loading=\"lazy\" decoding=\"async\" width=\"934\" height=\"768\" data-wp-class--hide=\"state.isContentHidden\" data-wp-class--show=\"state.isContentVisible\" data-wp-init=\"callbacks.setButtonStyles\" data-wp-on--click=\"actions.showLightbox\" data-wp-on--load=\"callbacks.setButtonStyles\" data-wp-on-window--resize=\"callbacks.setButtonStyles\" data-id=\"419\" src=\"https:\/\/www.n18.de\/wp-content\/uploads\/2024\/01\/DL0CRE_Shack-1-von-1-2.jpg\" alt=\"\" class=\"wp-image-419\" srcset=\"https:\/\/www.n18.de\/wp-content\/uploads\/2024\/01\/DL0CRE_Shack-1-von-1-2.jpg 934w, https:\/\/www.n18.de\/wp-content\/uploads\/2024\/01\/DL0CRE_Shack-1-von-1-2-300x247.jpg 300w, https:\/\/www.n18.de\/wp-content\/uploads\/2024\/01\/DL0CRE_Shack-1-von-1-2-768x632.jpg 768w\" sizes=\"auto, (max-width: 934px) 100vw, 934px\" \/><button\n\t\t\tclass=\"lightbox-trigger\"\n\t\t\ttype=\"button\"\n\t\t\taria-haspopup=\"dialog\"\n\t\t\taria-label=\"Vergr\u00f6\u00dfern\"\n\t\t\tdata-wp-init=\"callbacks.initTriggerButton\"\n\t\t\tdata-wp-on--click=\"actions.showLightbox\"\n\t\t\tdata-wp-style--right=\"state.imageButtonRight\"\n\t\t\tdata-wp-style--top=\"state.imageButtonTop\"\n\t\t>\n\t\t\t<svg xmlns=\"http:\/\/www.w3.org\/2000\/svg\" width=\"12\" height=\"12\" fill=\"none\" viewBox=\"0 0 12 12\">\n\t\t\t\t<path fill=\"#fff\" d=\"M2 0a2 2 0 0 0-2 2v2h1.5V2a.5.5 0 0 1 .5-.5h2V0H2Zm2 10.5H2a.5.5 0 0 1-.5-.5V8H0v2a2 2 0 0 0 2 2h2v-1.5ZM8 12v-1.5h2a.5.5 0 0 0 .5-.5V8H12v2a2 2 0 0 1-2 2H8Zm2-12a2 2 0 0 1 2 2v2h-1.5V2a.5.5 0 0 0-.5-.5H8V0h2Z\" \/>\n\t\t\t<\/svg>\n\t\t<\/button><\/figure>\n<\/figure>\n","protected":false},"excerpt":{"rendered":"<p>Shack Unser Shack besteht aus einer UKW-, KW- und SAT-Station, welche unabh\u00e4ngig und zeitgleich betrieben werden k\u00f6nnen. UKW-Station Die UKW-Station<\/p>\n","protected":false},"author":2,"featured_media":0,"parent":0,"menu_order":0,"comment_status":"closed","ping_status":"closed","template":"","meta":{"footnotes":""},"class_list":["post-122","page","type-page","status-publish","hentry"],"_links":{"self":[{"href":"https:\/\/www.n18.de\/index.php\/wp-json\/wp\/v2\/pages\/122","targetHints":{"allow":["GET"]}}],"collection":[{"href":"https:\/\/www.n18.de\/index.php\/wp-json\/wp\/v2\/pages"}],"about":[{"href":"https:\/\/www.n18.de\/index.php\/wp-json\/wp\/v2\/types\/page"}],"author":[{"embeddable":true,"href":"https:\/\/www.n18.de\/index.php\/wp-json\/wp\/v2\/users\/2"}],"replies":[{"embeddable":true,"href":"https:\/\/www.n18.de\/index.php\/wp-json\/wp\/v2\/comments?post=122"}],"version-history":[{"count":8,"href":"https:\/\/www.n18.de\/index.php\/wp-json\/wp\/v2\/pages\/122\/revisions"}],"predecessor-version":[{"id":422,"href":"https:\/\/www.n18.de\/index.php\/wp-json\/wp\/v2\/pages\/122\/revisions\/422"}],"wp:attachment":[{"href":"https:\/\/www.n18.de\/index.php\/wp-json\/wp\/v2\/media?parent=122"}],"curies":[{"name":"wp","href":"https:\/\/api.w.org\/{rel}","templated":true}]}}