{"id":291,"date":"2024-01-09T18:53:57","date_gmt":"2024-01-09T17:53:57","guid":{"rendered":"https:\/\/www.n18.de\/?page_id=291"},"modified":"2024-01-09T18:53:58","modified_gmt":"2024-01-09T17:53:58","slug":"dl0cre","status":"publish","type":"page","link":"https:\/\/www.n18.de\/index.php\/dl0cre\/","title":{"rendered":"DL0CRE"},"content":{"rendered":"\n<h2 class=\"wp-block-heading\">Vorstellung<\/h2>\n\n\n\n<p>Das Rufzeichen DL0CRE geh\u00f6rt der Clubstation des OV N18, Oer-Erkenschwick \/ Recklinghausen. Es wird vornehmlich vom OV-Heim in der Lindenstra\u00dfe verwendet, um die Clubstation auf den Afu-B\u00e4ndern zu vertreten. F\u00fcr den Betrieb unter diesem Call stehen im Club diverse Ger\u00e4te bereit, die zusammen die B\u00e4nder von 160 m bis 23 cm in allen Betriebsarten abdecken. Lediglich f\u00fcr das 6 m Band fehlt uns noch die notwendige Ausr\u00fcstung.<br>Auch ist der Empfang vom geostation\u00e4ren Satelliten QO-100 im OV-Heim m\u00f6glich. Eine Sendem\u00f6glichkeit wird zu besonderen Anl\u00e4ssen geschaffen, soll aber auch permanent eingerichtet werden.<\/p>\n\n\n\n<p>Zu diversen Ereignissen oder Veranstaltungen ist die Clubstation von anderen Orten aus aktiv. So waren wir im September 2014 vom Schiffshebewerk in Waltrop mit benachbarten Ortsverb\u00e4nden QRV. Anlass war das BLOTA (Boat Lifts On The Air), ein internationales Treffen von verschiedenen Schiffshebewerken in Europa aus. Zu diesem Anlass wurde der Sonder-DOK BLOTA ausgegeben.<br>F\u00fcr Mitglieder des OVs ist es auch m\u00f6glich die Clubstation f\u00fcr einen gewissen Zeitraum &#8222;auszuleihen&#8220; um auch den DOK N18 oder den Sonder-DOK au\u00dferhalb der Clubabendzeit zu vertreten. Weitere Infos hierzu unter DL0CRE aktivieren.<\/p>\n\n\n\n<p>Verantwortlich f\u00fcr das Rufzeichen DL0CRE ist OM Heinz DL2YFB.<\/p>\n\n\n\n<h2 class=\"wp-block-heading\">Aktivierung<\/h2>\n\n\n\n<p>Das Rufzeichen DL0CRE geh\u00f6rt der Clubstation des OV N18, Oer-Erkenschwick \/ Recklinghausen. Es wird vornehmlich vom OV-Heim in der Lindenstra\u00dfe verwendet, um die Clubstation auf den Afu-B\u00e4ndern zu vertreten.<\/p>\n\n\n\n<p>Die Clubstation kann von lizensierten Mitgliedern unseres Ortsverbandes N18 &#8222;ausgeliehen&#8220; werden. Das ist sinnvoll, um unseren DOK oder auch Sonder-DOK au\u00dferhalb unserer Clubabendszeit auf den B\u00e4ndern zu vertreten.<br>Wer also DL0CRE aktivieren m\u00f6chte, sollte sich an folgende Regeln halten:<\/p>\n\n\n\n<ul class=\"wp-block-list\">\n<li>Termin \/ Zeitraum bekannt geben:<br>Damit das Call nicht mehrfach zur gleichen Zeit in der Luft ist, bitte eine kurze E-Mail an <a href=\"mailto:dl0cre@n18.de\">dl0cre@n18.de<\/a> wann und von wo (QTH-Loc) Funkbetrieb gemacht werden soll.<br>Wenn auf diese E-Mail keine Reaktion erfolgt, ist der Termin OK. Ist der Zeitraum schon belegt, muss auf einen anderen Termin ausgewichen werden.<br>Sollte der Andrang so gro\u00df werden, dass es \u00f6fters zu \u00dcberschneidungen kommt, wird an dieser Stelle ein Terminkalender eingebaut wo dann die belegten Zeitr\u00e4ume eingetragen werden.<\/li>\n\n\n\n<li>Angabe des oder der Operator-Calls: Versteht sich von selbst (auch im Log).<\/li>\n\n\n\n<li>Logbuchf\u00fchrung: Die Aktivit\u00e4ten sollten nat\u00fcrlich auch in einem Log festgehalten werden. Am besten ist nat\u00fcrlich ein elektronisches Log im ADIF-Format welches an <a href=\"mailto:dl0cre@n18.de\">dl0cre@n18.de<\/a> zu senden ist. Handschriftliche Logs in lesbarer Schrift tippe ich (Heinz DL2YFB) wohl auch ein, wenn sie nicht zu viele Eintr\u00e4ge enthalten.<\/li>\n\n\n\n<li>Die Logs werden dann zu DCL, LoTW und eQSL hochgeladen, so dass die QSO-Partner die QSOs best\u00e4tigt bekommen und f\u00fcr Diplome verwenden k\u00f6nnen.<\/li>\n\n\n\n<li>Gew\u00fcnschte QSL-Karten: Wenn ein QSO-Partner eine QSL-Karte w\u00fcnscht, sollte der Operator diese ausf\u00fcllen und in die QSL-Ausgangsbox im Clubheim legen. Um QSL-Karten die f\u00fcr DL0CRE eingehen braucht sich der Operator nicht zu k\u00fcmmern.<\/li>\n\n\n\n<li>Aussendungen gem\u00e4\u00df der Genehmigungsklasse: Jeder Operator darf nur die f\u00fcr seine Genehmigung zugelassenen B\u00e4nder und Leistung verwenden.<\/li>\n\n\n\n<li>DL0CRE ist kein Ausbildungsrufzeichen: Das Clubcall kann nur Inhabern einer g\u00fcltigen Amateurfunkgenehmigung &#8222;ausgeliehen&#8220; werden. Da es kein Ausbildungsrufzeichen ist, darf Funkbetrieb auch nicht unter Aufsicht eines Funkamateurs von Personen ohne Genehmigung durchgef\u00fchrt werden.<\/li>\n\n\n\n<li>Der Clubrufzeichen-Inhaber benennt einen Verantwortlichen f\u00fcr den Aktionszeitraum. Er ist f\u00fcr die Logbuchf\u00fchrung verantwortlich. Ist der Verantwortliche nicht im Besitz eines Ausbildungsrufzeichens d\u00fcrfen nur lizensierte Funkamateure im Rahmen ihrer eigenen Lizenzklasse entsprechende Frequenzen nutzen.<\/li>\n<\/ul>\n","protected":false},"excerpt":{"rendered":"<p>Vorstellung Das Rufzeichen DL0CRE geh\u00f6rt der Clubstation des OV N18, Oer-Erkenschwick \/ Recklinghausen. Es wird vornehmlich vom OV-Heim in der<\/p>\n","protected":false},"author":2,"featured_media":0,"parent":0,"menu_order":0,"comment_status":"closed","ping_status":"closed","template":"","meta":{"footnotes":""},"class_list":["post-291","page","type-page","status-publish","hentry"],"_links":{"self":[{"href":"https:\/\/www.n18.de\/index.php\/wp-json\/wp\/v2\/pages\/291","targetHints":{"allow":["GET"]}}],"collection":[{"href":"https:\/\/www.n18.de\/index.php\/wp-json\/wp\/v2\/pages"}],"about":[{"href":"https:\/\/www.n18.de\/index.php\/wp-json\/wp\/v2\/types\/page"}],"author":[{"embeddable":true,"href":"https:\/\/www.n18.de\/index.php\/wp-json\/wp\/v2\/users\/2"}],"replies":[{"embeddable":true,"href":"https:\/\/www.n18.de\/index.php\/wp-json\/wp\/v2\/comments?post=291"}],"version-history":[{"count":1,"href":"https:\/\/www.n18.de\/index.php\/wp-json\/wp\/v2\/pages\/291\/revisions"}],"predecessor-version":[{"id":293,"href":"https:\/\/www.n18.de\/index.php\/wp-json\/wp\/v2\/pages\/291\/revisions\/293"}],"wp:attachment":[{"href":"https:\/\/www.n18.de\/index.php\/wp-json\/wp\/v2\/media?parent=291"}],"curies":[{"name":"wp","href":"https:\/\/api.w.org\/{rel}","templated":true}]}}