{"id":297,"date":"2024-01-09T18:58:33","date_gmt":"2024-01-09T17:58:33","guid":{"rendered":"https:\/\/www.n18.de\/?page_id=297"},"modified":"2026-04-02T12:14:53","modified_gmt":"2026-04-02T10:14:53","slug":"dr2r","status":"publish","type":"page","link":"https:\/\/www.n18.de\/index.php\/dr2r\/","title":{"rendered":"DR2R"},"content":{"rendered":"\n<h2 class=\"wp-block-heading\">Vorstellung<\/h2>\n\n\n\n<p><div class=\"body\" id=\"top\"><div class=\"container\"><div class=\"row-fluid\"><main id=\"content\" role=\"main\" class=\"span9\"><div class=\"item-page\" itemtype=\"https:\/\/schema.org\/Article\" itemscope=\"\"><div itemprop=\"articleBody\">Das Kurz- und Contestrufzeichen DR2R  geh\u00f6rt dem Ortsverband N18, Oer-Erkenschwick \/ Recklinghausen. Mit  diesem Rufzeichen gehen wir, die Mitglieder vom OV, an Contesten in die  \u201eLuft\u201c. <p style=\"margin-bottom: 0cm;\">Auch wird DR2R in diversen Aktivit\u00e4ten auf den Amateurfunkb\u00e4ndern vertreten wie z.B. den WNA, WSA, BLOTA.<\/p><\/div><\/div><\/main><\/div><\/div><\/div><\/p>\n\n\n\n<p><div class=\"body\" id=\"top\"><div class=\"container\"><div class=\"row-fluid\"><main id=\"content\" role=\"main\" class=\"span9\"><div class=\"item-page\" itemtype=\"https:\/\/schema.org\/Article\" itemscope=\"\"><div itemprop=\"articleBody\">Verantwortlich f\u00fcr das Rufzeichen DR2R ist der OM Clemens Miara, DG1YCR.  <\/div><\/div><\/main><\/div><\/div><\/div><\/p>\n\n\n\n<h2 class=\"wp-block-heading\">Aktivierung<\/h2>\n\n\n\n<p>Das Rufzeichen DR2R geh\u00f6rt der Clubstation des OV N18, Oer-Erkenschwick \/ Recklinghausen. Es wird vornehmlich vom OV-Heim in der Lindenstra\u00dfe verwendet, um die Clubstation auf den Afu-B\u00e4ndern zu vertreten.<\/p>\n\n\n\n<p>Die Clubstation kann von lizensierten Mitgliedern unseres Ortsverbandes N18 &#8222;ausgeliehen&#8220; werden. Das ist sinnvoll, um unseren DOK oder auch Sonder-DOK au\u00dferhalb unserer Clubabendszeit auf den B\u00e4ndern zu vertreten.<br>Wer also DR2R aktivieren m\u00f6chte, sollte sich an folgende Regeln halten:<\/p>\n\n\n\n<ul class=\"wp-block-list\">\n<li>Termin \/ Zeitraum bekannt geben:<br>Damit das Call nicht mehrfach zur gleichen Zeit in der Luft ist, bitte eine kurze E-Mail an <a href=\"mailto:dg1ycr@darc.de\">dg1ycr@darc.de<\/a> wann und von wo (QTH-Loc) Funkbetrieb gemacht werden soll.<br>Wenn auf diese E-Mail keine Reaktion erfolgt, ist der Termin OK. Ist der Zeitraum schon belegt, muss auf einen anderen Termin ausgewichen werden.<br>Sollte der Andrang so gro\u00df werden, dass es \u00f6fters zu \u00dcberschneidungen kommt, wird an dieser Stelle ein Terminkalender eingebaut wo dann die belegten Zeitr\u00e4ume eingetragen werden.<\/li>\n\n\n\n<li>Angabe des oder der Operator-Calls: Versteht sich von selbst (auch im Log).<\/li>\n\n\n\n<li>Logbuchf\u00fchrung: Die Aktivit\u00e4ten sollten nat\u00fcrlich auch in einem Log festgehalten werden. Am besten ist nat\u00fcrlich ein elektronisches Log im ADIF-Format welches an <a href=\"mailto:dg1ycr@darc.de\">dg1ycr@darc.de<\/a> zu senden ist. Papierlogs werden nicht entgegen genommen.<\/li>\n\n\n\n<li>Die Logs werden dann zu DCL, LoTW und eQSL hochgeladen, so dass die QSO-Partner die QSOs best\u00e4tigt bekommen und f\u00fcr Diplome verwenden k\u00f6nnen.<\/li>\n\n\n\n<li>Gew\u00fcnschte QSL-Karten: Wenn ein QSO-Partner eine QSL-Karte w\u00fcnscht, sollte der Operator diese ausf\u00fcllen und in die QSL-Ausgangsbox im Clubheim legen. Um QSL-Karten die f\u00fcr DL0CRE eingehen braucht sich der Operator nicht zu k\u00fcmmern.<\/li>\n\n\n\n<li>Aussendungen gem\u00e4\u00df der Genehmigungsklasse: Jeder Operator darf nur die f\u00fcr seine Genehmigung zugelassenen B\u00e4nder und Leistung verwenden.<\/li>\n\n\n\n<li>DR2R ist kein Ausbildungsrufzeichen: Das Clubcall kann nur Inhabern einer g\u00fcltigen Amateurfunkgenehmigung &#8222;ausgeliehen&#8220; werden. Da es kein Ausbildungsrufzeichen ist, darf Funkbetrieb auch nicht unter Aufsicht eines Funkamateurs von Personen ohne Genehmigung durchgef\u00fchrt werden.<\/li>\n\n\n\n<li>Der Clubrufzeichen-Inhaber benennt einen Verantwortlichen f\u00fcr den Aktionszeitraum. Er ist f\u00fcr die Logbuchf\u00fchrung verantwortlich. Ist der Verantwortliche nicht im Besitz eines Ausbildungsrufzeichens d\u00fcrfen nur lizensierte Funkamateure im Rahmen ihrer eigenen Lizenzklasse entsprechende Frequenzen nutzen.<\/li>\n<\/ul>\n","protected":false},"excerpt":{"rendered":"<p>Vorstellung Das Kurz- und Contestrufzeichen DR2R geh\u00f6rt dem Ortsverband N18, Oer-Erkenschwick \/ Recklinghausen. Mit diesem Rufzeichen gehen wir, die Mitglieder<\/p>\n","protected":false},"author":2,"featured_media":0,"parent":0,"menu_order":0,"comment_status":"closed","ping_status":"closed","template":"","meta":{"footnotes":""},"class_list":["post-297","page","type-page","status-publish","hentry"],"_links":{"self":[{"href":"https:\/\/www.n18.de\/index.php\/wp-json\/wp\/v2\/pages\/297","targetHints":{"allow":["GET"]}}],"collection":[{"href":"https:\/\/www.n18.de\/index.php\/wp-json\/wp\/v2\/pages"}],"about":[{"href":"https:\/\/www.n18.de\/index.php\/wp-json\/wp\/v2\/types\/page"}],"author":[{"embeddable":true,"href":"https:\/\/www.n18.de\/index.php\/wp-json\/wp\/v2\/users\/2"}],"replies":[{"embeddable":true,"href":"https:\/\/www.n18.de\/index.php\/wp-json\/wp\/v2\/comments?post=297"}],"version-history":[{"count":2,"href":"https:\/\/www.n18.de\/index.php\/wp-json\/wp\/v2\/pages\/297\/revisions"}],"predecessor-version":[{"id":1055,"href":"https:\/\/www.n18.de\/index.php\/wp-json\/wp\/v2\/pages\/297\/revisions\/1055"}],"wp:attachment":[{"href":"https:\/\/www.n18.de\/index.php\/wp-json\/wp\/v2\/media?parent=297"}],"curies":[{"name":"wp","href":"https:\/\/api.w.org\/{rel}","templated":true}]}}